{"id":58,"date":"2017-10-30T13:23:37","date_gmt":"2017-10-30T12:23:37","guid":{"rendered":"http:\/\/www.kaminski.org.pl\/kaminski2017\/przemysl\/?page_id=58"},"modified":"2020-05-05T10:13:10","modified_gmt":"2020-05-05T08:13:10","slug":"oferta-kajo","status":"publish","type":"page","link":"https:\/\/www.kaminski.org.pl\/przemysl\/oferta-kajo\/","title":{"rendered":"Oferta Kajo"},"content":{"rendered":"<section id=\"offer\" class=\"section\">\n<div class=\"section-wrap offer-container\">\n<div class=\"offer-item\"><img decoding=\"async\" src=\"https:\/\/www.kaminski.org.pl\/przemysl\/wp-content\/themes\/kaminski\/img\/przemysl\/logo_kajo.jpeg\">&nbsp;&nbsp;<\/p>\n<p>KAJO to niemiecki producent smar\u00f3w uznany na ca\u0142ym \u015bwiecie i doceniony przez najwi\u0119ksze koncerny. Firma jest \u015bredniej wielko\u015bci dynamicznym i innowacyjnym rodzinnym przedsi\u0119biorstwem z kilkudziesi\u0119cioletnim do\u015bwiadczeniem w produkcji \u015brodk\u00f3w smarnych.<\/p>\n<p class=\"center\"><strong><a href=\"http:\/\/www.kajo.de\/\" target=\"_blank\" rel=\"noopener noreferrer\">www.kajo.de<\/a><\/strong><\/p>\n<p class=\"center\"><iframe loading=\"lazy\" src=\"https:\/\/www.yumpu.com\/xx\/embed\/view\/eaG1hAcZjM3CTJvr\" width=\"620px\" height=\"599px\" frameborder=\"0\" allowfullscreen=\"allowfullscreen\"><\/iframe><\/p>\n<p class=\"center\" style=\"margin-bottom: 50px;\"><a class=\"button button-primary\" href=\"https:\/\/kaminski.org.pl\/pub\/Katalog_Krypton_2019.pdf\" target=\"_blank\" rel=\"noopener noreferrer\">Pobierz katalog w wysokiej jako\u015bci<\/a><\/p>\n<p>&nbsp;<\/p>\n<p><a href=\"https:\/\/www.kaminski.org.pl\/przemysl\/wp-content\/uploads\/sites\/3\/2017\/10\/kajorazem600px.jpg\"><img loading=\"lazy\" decoding=\"async\" class=\"size-medium wp-image-128 aligncenter\" src=\"https:\/\/www.kaminski.org.pl\/przemysl\/wp-content\/uploads\/sites\/3\/2017\/10\/kajorazem600px-300x200.jpg\" alt=\"\" width=\"300\" height=\"200\" srcset=\"https:\/\/www.kaminski.org.pl\/przemysl\/wp-content\/uploads\/sites\/3\/2017\/10\/kajorazem600px-300x200.jpg 300w, https:\/\/www.kaminski.org.pl\/przemysl\/wp-content\/uploads\/sites\/3\/2017\/10\/kajorazem600px.jpg 600w\" sizes=\"(max-width: 300px) 100vw, 300px\" \/><\/a><\/p>\n<p class=\"center\"><a class=\"button button-primary\" href=\"oferta-zaopatrzenie-przemyslu\/\">Zobacz ca\u0142\u0105 ofert\u0119<\/a><\/p>\n<\/div>\n<\/div>\n<\/section>\n","protected":false},"excerpt":{"rendered":"<p>&nbsp;&nbsp; KAJO to niemiecki producent smar\u00f3w uznany na ca\u0142ym \u015bwiecie i doceniony przez najwi\u0119ksze koncerny. Firma jest \u015bredniej wielko\u015bci dynamicznym i innowacyjnym rodzinnym przedsi\u0119biorstwem z [&hellip;]<\/p>\n","protected":false},"author":1,"featured_media":0,"parent":0,"menu_order":0,"comment_status":"closed","ping_status":"closed","template":"","meta":{"footnotes":""},"yoast_head":"<!-- This site is optimized with the Yoast SEO plugin v22.7 - https:\/\/yoast.com\/wordpress\/plugins\/seo\/ -->\n<title>Oferta Kajo - Kami\u0144ski - Zaopatrzenie przemys\u0142u<\/title>\n<meta name=\"robots\" content=\"index, follow, max-snippet:-1, max-image-preview:large, max-video-preview:-1\" \/>\n<link rel=\"canonical\" href=\"https:\/\/www.kaminski.org.pl\/przemysl\/oferta-kajo\/\" \/>\n<meta property=\"og:locale\" content=\"pl_PL\" \/>\n<meta property=\"og:type\" content=\"article\" \/>\n<meta property=\"og:title\" content=\"Oferta Kajo - Kami\u0144ski - Zaopatrzenie przemys\u0142u\" \/>\n<meta property=\"og:description\" content=\"&nbsp;&nbsp; KAJO to niemiecki producent smar\u00f3w uznany na ca\u0142ym \u015bwiecie i doceniony przez najwi\u0119ksze koncerny. Firma jest \u015bredniej wielko\u015bci dynamicznym i innowacyjnym rodzinnym przedsi\u0119biorstwem z [&hellip;]\" \/>\n<meta property=\"og:url\" content=\"https:\/\/www.kaminski.org.pl\/przemysl\/oferta-kajo\/\" \/>\n<meta property=\"og:site_name\" content=\"Kami\u0144ski - Zaopatrzenie przemys\u0142u\" \/>\n<meta property=\"article:publisher\" content=\"https:\/\/www.facebook.com\/kaminskispzoosk\/\" \/>\n<meta property=\"article:modified_time\" content=\"2020-05-05T08:13:10+00:00\" \/>\n<meta property=\"og:image\" content=\"https:\/\/www.kaminski.org.pl\/przemysl\/wp-content\/themes\/kaminski\/img\/przemysl\/logo_kajo.jpeg\" \/>\n<meta name=\"twitter:card\" content=\"summary_large_image\" \/>\n<script type=\"application\/ld+json\" class=\"yoast-schema-graph\">{\"@context\":\"https:\/\/schema.org\",\"@graph\":[{\"@type\":\"WebPage\",\"@id\":\"https:\/\/www.kaminski.org.pl\/przemysl\/oferta-kajo\/\",\"url\":\"https:\/\/www.kaminski.org.pl\/przemysl\/oferta-kajo\/\",\"name\":\"Oferta Kajo - Kami\u0144ski - Zaopatrzenie przemys\u0142u\",\"isPartOf\":{\"@id\":\"https:\/\/www.kaminski.org.pl\/przemysl\/#website\"},\"primaryImageOfPage\":{\"@id\":\"https:\/\/www.kaminski.org.pl\/przemysl\/oferta-kajo\/#primaryimage\"},\"image\":{\"@id\":\"https:\/\/www.kaminski.org.pl\/przemysl\/oferta-kajo\/#primaryimage\"},\"thumbnailUrl\":\"https:\/\/www.kaminski.org.pl\/przemysl\/wp-content\/themes\/kaminski\/img\/przemysl\/logo_kajo.jpeg\",\"datePublished\":\"2017-10-30T12:23:37+00:00\",\"dateModified\":\"2020-05-05T08:13:10+00:00\",\"breadcrumb\":{\"@id\":\"https:\/\/www.kaminski.org.pl\/przemysl\/oferta-kajo\/#breadcrumb\"},\"inLanguage\":\"pl-PL\",\"potentialAction\":[{\"@type\":\"ReadAction\",\"target\":[\"https:\/\/www.kaminski.org.pl\/przemysl\/oferta-kajo\/\"]}]},{\"@type\":\"ImageObject\",\"inLanguage\":\"pl-PL\",\"@id\":\"https:\/\/www.kaminski.org.pl\/przemysl\/oferta-kajo\/#primaryimage\",\"url\":\"https:\/\/www.kaminski.org.pl\/przemysl\/wp-content\/themes\/kaminski\/img\/przemysl\/logo_kajo.jpeg\",\"contentUrl\":\"https:\/\/www.kaminski.org.pl\/przemysl\/wp-content\/themes\/kaminski\/img\/przemysl\/logo_kajo.jpeg\"},{\"@type\":\"BreadcrumbList\",\"@id\":\"https:\/\/www.kaminski.org.pl\/przemysl\/oferta-kajo\/#breadcrumb\",\"itemListElement\":[{\"@type\":\"ListItem\",\"position\":1,\"name\":\"Strona g\u0142\u00f3wna\",\"item\":\"https:\/\/www.kaminski.org.pl\/przemysl\/\"},{\"@type\":\"ListItem\",\"position\":2,\"name\":\"Oferta Kajo\"}]},{\"@type\":\"WebSite\",\"@id\":\"https:\/\/www.kaminski.org.pl\/przemysl\/#website\",\"url\":\"https:\/\/www.kaminski.org.pl\/przemysl\/\",\"name\":\"Kami\u0144ski - Zaopatrzenie przemys\u0142u\",\"description\":\"Zaopatrzenie przemys\u0142u w profesjonalne narz\u0119dzia oraz chemi\u0119 techniczn\u0105\",\"publisher\":{\"@id\":\"https:\/\/www.kaminski.org.pl\/przemysl\/#organization\"},\"potentialAction\":[{\"@type\":\"SearchAction\",\"target\":{\"@type\":\"EntryPoint\",\"urlTemplate\":\"https:\/\/www.kaminski.org.pl\/przemysl\/?s={search_term_string}\"},\"query-input\":\"required name=search_term_string\"}],\"inLanguage\":\"pl-PL\"},{\"@type\":\"Organization\",\"@id\":\"https:\/\/www.kaminski.org.pl\/przemysl\/#organization\",\"name\":\"Kami\u0144ski Sp\u00f3\u0142ka z ograniczon\u0105 odpowiedzialno\u015bci\u0105 Sp.K.\",\"url\":\"https:\/\/www.kaminski.org.pl\/przemysl\/\",\"logo\":{\"@type\":\"ImageObject\",\"inLanguage\":\"pl-PL\",\"@id\":\"https:\/\/www.kaminski.org.pl\/przemysl\/#\/schema\/logo\/image\/\",\"url\":\"https:\/\/www.kaminski.org.pl\/przemysl\/wp-content\/uploads\/sites\/3\/2017\/12\/logo_kaminski_02.png\",\"contentUrl\":\"https:\/\/www.kaminski.org.pl\/przemysl\/wp-content\/uploads\/sites\/3\/2017\/12\/logo_kaminski_02.png\",\"width\":1600,\"height\":380,\"caption\":\"Kami\u0144ski Sp\u00f3\u0142ka z ograniczon\u0105 odpowiedzialno\u015bci\u0105 Sp.K.\"},\"image\":{\"@id\":\"https:\/\/www.kaminski.org.pl\/przemysl\/#\/schema\/logo\/image\/\"},\"sameAs\":[\"https:\/\/www.facebook.com\/kaminskispzoosk\/\",\"https:\/\/www.youtube.com\/channel\/UCllDIzSGOJLyC4yMOn2WRSg\"]}]}<\/script>\n<!-- \/ Yoast SEO plugin. -->","yoast_head_json":{"title":"Oferta Kajo - Kami\u0144ski - Zaopatrzenie przemys\u0142u","robots":{"index":"index","follow":"follow","max-snippet":"max-snippet:-1","max-image-preview":"max-image-preview:large","max-video-preview":"max-video-preview:-1"},"canonical":"https:\/\/www.kaminski.org.pl\/przemysl\/oferta-kajo\/","og_locale":"pl_PL","og_type":"article","og_title":"Oferta Kajo - Kami\u0144ski - Zaopatrzenie przemys\u0142u","og_description":"&nbsp;&nbsp; KAJO to niemiecki producent smar\u00f3w uznany na ca\u0142ym \u015bwiecie i doceniony przez najwi\u0119ksze koncerny. Firma jest \u015bredniej wielko\u015bci dynamicznym i innowacyjnym rodzinnym przedsi\u0119biorstwem z [&hellip;]","og_url":"https:\/\/www.kaminski.org.pl\/przemysl\/oferta-kajo\/","og_site_name":"Kami\u0144ski - Zaopatrzenie przemys\u0142u","article_publisher":"https:\/\/www.facebook.com\/kaminskispzoosk\/","article_modified_time":"2020-05-05T08:13:10+00:00","og_image":[{"url":"https:\/\/www.kaminski.org.pl\/przemysl\/wp-content\/themes\/kaminski\/img\/przemysl\/logo_kajo.jpeg"}],"twitter_card":"summary_large_image","schema":{"@context":"https:\/\/schema.org","@graph":[{"@type":"WebPage","@id":"https:\/\/www.kaminski.org.pl\/przemysl\/oferta-kajo\/","url":"https:\/\/www.kaminski.org.pl\/przemysl\/oferta-kajo\/","name":"Oferta Kajo - Kami\u0144ski - Zaopatrzenie przemys\u0142u","isPartOf":{"@id":"https:\/\/www.kaminski.org.pl\/przemysl\/#website"},"primaryImageOfPage":{"@id":"https:\/\/www.kaminski.org.pl\/przemysl\/oferta-kajo\/#primaryimage"},"image":{"@id":"https:\/\/www.kaminski.org.pl\/przemysl\/oferta-kajo\/#primaryimage"},"thumbnailUrl":"https:\/\/www.kaminski.org.pl\/przemysl\/wp-content\/themes\/kaminski\/img\/przemysl\/logo_kajo.jpeg","datePublished":"2017-10-30T12:23:37+00:00","dateModified":"2020-05-05T08:13:10+00:00","breadcrumb":{"@id":"https:\/\/www.kaminski.org.pl\/przemysl\/oferta-kajo\/#breadcrumb"},"inLanguage":"pl-PL","potentialAction":[{"@type":"ReadAction","target":["https:\/\/www.kaminski.org.pl\/przemysl\/oferta-kajo\/"]}]},{"@type":"ImageObject","inLanguage":"pl-PL","@id":"https:\/\/www.kaminski.org.pl\/przemysl\/oferta-kajo\/#primaryimage","url":"https:\/\/www.kaminski.org.pl\/przemysl\/wp-content\/themes\/kaminski\/img\/przemysl\/logo_kajo.jpeg","contentUrl":"https:\/\/www.kaminski.org.pl\/przemysl\/wp-content\/themes\/kaminski\/img\/przemysl\/logo_kajo.jpeg"},{"@type":"BreadcrumbList","@id":"https:\/\/www.kaminski.org.pl\/przemysl\/oferta-kajo\/#breadcrumb","itemListElement":[{"@type":"ListItem","position":1,"name":"Strona g\u0142\u00f3wna","item":"https:\/\/www.kaminski.org.pl\/przemysl\/"},{"@type":"ListItem","position":2,"name":"Oferta Kajo"}]},{"@type":"WebSite","@id":"https:\/\/www.kaminski.org.pl\/przemysl\/#website","url":"https:\/\/www.kaminski.org.pl\/przemysl\/","name":"Kami\u0144ski - Zaopatrzenie przemys\u0142u","description":"Zaopatrzenie przemys\u0142u w profesjonalne narz\u0119dzia oraz chemi\u0119 techniczn\u0105","publisher":{"@id":"https:\/\/www.kaminski.org.pl\/przemysl\/#organization"},"potentialAction":[{"@type":"SearchAction","target":{"@type":"EntryPoint","urlTemplate":"https:\/\/www.kaminski.org.pl\/przemysl\/?s={search_term_string}"},"query-input":"required name=search_term_string"}],"inLanguage":"pl-PL"},{"@type":"Organization","@id":"https:\/\/www.kaminski.org.pl\/przemysl\/#organization","name":"Kami\u0144ski Sp\u00f3\u0142ka z ograniczon\u0105 odpowiedzialno\u015bci\u0105 Sp.K.","url":"https:\/\/www.kaminski.org.pl\/przemysl\/","logo":{"@type":"ImageObject","inLanguage":"pl-PL","@id":"https:\/\/www.kaminski.org.pl\/przemysl\/#\/schema\/logo\/image\/","url":"https:\/\/www.kaminski.org.pl\/przemysl\/wp-content\/uploads\/sites\/3\/2017\/12\/logo_kaminski_02.png","contentUrl":"https:\/\/www.kaminski.org.pl\/przemysl\/wp-content\/uploads\/sites\/3\/2017\/12\/logo_kaminski_02.png","width":1600,"height":380,"caption":"Kami\u0144ski Sp\u00f3\u0142ka z ograniczon\u0105 odpowiedzialno\u015bci\u0105 Sp.K."},"image":{"@id":"https:\/\/www.kaminski.org.pl\/przemysl\/#\/schema\/logo\/image\/"},"sameAs":["https:\/\/www.facebook.com\/kaminskispzoosk\/","https:\/\/www.youtube.com\/channel\/UCllDIzSGOJLyC4yMOn2WRSg"]}]}},"_links":{"self":[{"href":"https:\/\/www.kaminski.org.pl\/przemysl\/wp-json\/wp\/v2\/pages\/58"}],"collection":[{"href":"https:\/\/www.kaminski.org.pl\/przemysl\/wp-json\/wp\/v2\/pages"}],"about":[{"href":"https:\/\/www.kaminski.org.pl\/przemysl\/wp-json\/wp\/v2\/types\/page"}],"author":[{"embeddable":true,"href":"https:\/\/www.kaminski.org.pl\/przemysl\/wp-json\/wp\/v2\/users\/1"}],"replies":[{"embeddable":true,"href":"https:\/\/www.kaminski.org.pl\/przemysl\/wp-json\/wp\/v2\/comments?post=58"}],"version-history":[{"count":8,"href":"https:\/\/www.kaminski.org.pl\/przemysl\/wp-json\/wp\/v2\/pages\/58\/revisions"}],"predecessor-version":[{"id":510,"href":"https:\/\/www.kaminski.org.pl\/przemysl\/wp-json\/wp\/v2\/pages\/58\/revisions\/510"}],"wp:attachment":[{"href":"https:\/\/www.kaminski.org.pl\/przemysl\/wp-json\/wp\/v2\/media?parent=58"}],"curies":[{"name":"wp","href":"https:\/\/api.w.org\/{rel}","templated":true}]}}