{"id":528,"date":"2017-11-08T12:34:28","date_gmt":"2017-11-08T11:34:28","guid":{"rendered":"http:\/\/www.kaminski.org.pl\/kaminski2017\/budownictwo\/?page_id=528"},"modified":"2017-11-08T12:53:38","modified_gmt":"2017-11-08T11:53:38","slug":"polityka-prywatnosci","status":"publish","type":"page","link":"https:\/\/www.kaminski.org.pl\/budownictwo\/polityka-prywatnosci\/","title":{"rendered":"Polityka prywatno\u015bci"},"content":{"rendered":"<section id=\"offer\" class=\"section polityka\">\n<div style=\"margin-top: 80px;\"><\/div>\n<h3 class=\"page-title\">Polityka prywatno\u015bci dla <span>www.kaminski.org.pl<\/span><\/h3>\n<div class=\"section-wrap\">\n<h4>1. Informacje og\u00f3lne<\/h4>\n<p>1. Operatorem Serwisu https:\/\/www.kaminski.org.pl\/ jest \u201cKami\u0144ski\u201d Sp\u00f3\u0142ka z ograniczon\u0105 odpowiedzialno\u015bci\u0105 Sp.K., ul. Henryka Wieniawskiego 18, 41 \u2013 506 Chorz\u00f3w.<\/p>\n<p>2. Serwis realizuje funkcje pozyskiwania informacji o u\u017cytkownikach i ich zachowaniu poprzez zapisywanie w urz\u0105dzeniach ko\u0144cowych pliki cookie (tzw. &#8222;ciasteczka&#8221;).<\/p>\n<h4>2. Informacja o plikach cookies<\/h4>\n<p>1. Serwis korzysta z plik\u00f3w cookies.<\/p>\n<p>2. Pliki cookies (tzw. \u201eciasteczka\u201d) stanowi\u0105 dane informatyczne, w szczeg\u00f3lno\u015bci pliki tekstowe, kt\u00f3re przechowywane s\u0105 w urz\u0105dzeniu ko\u0144cowym U\u017cytkownika Serwisu i przeznaczone s\u0105 do korzystania ze stron internetowych Serwisu. Cookies zazwyczaj zawieraj\u0105 nazw\u0119 strony internetowej, z kt\u00f3rej pochodz\u0105, czas przechowywania ich na urz\u0105dzeniu ko\u0144cowym oraz unikalny numer.<\/p>\n<p>3. Podmiotem zamieszczaj\u0105cym na urz\u0105dzeniu ko\u0144cowym U\u017cytkownika Serwisu pliki cookies oraz uzyskuj\u0105cym do nich dost\u0119p jest operator Serwisu.<\/p>\n<p>4. Pliki cookies wykorzystywane s\u0105 w nast\u0119puj\u0105cych celach:<\/p>\n<p>a. tworzenia statystyk, kt\u00f3re pomagaj\u0105 zrozumie\u0107, w jaki spos\u00f3b U\u017cytkownicy Serwisu korzystaj\u0105 ze stron internetowych, co umo\u017cliwia ulepszanie ich struktury i zawarto\u015bci;<\/p>\n<p>b. utrzymanie sesji U\u017cytkownika Serwisu (po zalogowaniu), dzi\u0119ki kt\u00f3rej U\u017cytkownik nie musi na ka\u017cdej podstronie Serwisu ponownie wpisywa\u0107 loginu i has\u0142a;<\/p>\n<p>c. okre\u015blania profilu u\u017cytkownika w celu wy\u015bwietlania mu dopasowanych materia\u0142\u00f3w w sieciach reklamowych, w szczeg\u00f3lno\u015bci sieci Google.<\/p>\n<p>5. W ramach Serwisu stosowane s\u0105 dwa zasadnicze rodzaje plik\u00f3w cookies: \u201esesyjne\u201d (session cookies) oraz \u201esta\u0142e\u201d (persistent cookies). Cookies \u201esesyjne\u201d s\u0105 plikami tymczasowymi, kt\u00f3re przechowywane s\u0105 w urz\u0105dzeniu ko\u0144cowym U\u017cytkownika do czasu wylogowania, opuszczenia strony internetowej lub wy\u0142\u0105czenia oprogramowania (przegl\u0105darki internetowej). \u201eSta\u0142e\u201d pliki cookies przechowywane s\u0105 w urz\u0105dzeniu ko\u0144cowym U\u017cytkownika przez czas okre\u015blony w parametrach plik\u00f3w cookies lub do czasu ich usuni\u0119cia przez U\u017cytkownika.<\/p>\n<p>6. Oprogramowanie do przegl\u0105dania stron internetowych (przegl\u0105darka internetowa) zazwyczaj domy\u015blnie dopuszcza przechowywanie plik\u00f3w cookies w urz\u0105dzeniu ko\u0144cowym U\u017cytkownika. U\u017cytkownicy Serwisu mog\u0105 dokona\u0107 zmiany ustawie\u0144 w tym zakresie. Przegl\u0105darka internetowa umo\u017cliwia usuni\u0119cie plik\u00f3w cookies. Mo\u017cliwe jest tak\u017ce automatyczne blokowanie plik\u00f3w cookies Szczeg\u00f3\u0142owe informacje na ten temat zawiera pomoc lub dokumentacja przegl\u0105darki internetowej.<\/p>\n<p>7. Ograniczenia stosowania plik\u00f3w cookies mog\u0105 wp\u0142yn\u0105\u0107 na niekt\u00f3re funkcjonalno\u015bci dost\u0119pne na stronach internetowych Serwisu.<\/p>\n<p>8. Pliki cookies zamieszczane w urz\u0105dzeniu ko\u0144cowym U\u017cytkownika Serwisu i wykorzystywane mog\u0105 by\u0107 r\u00f3wnie\u017c przez wsp\u00f3\u0142pracuj\u0105cych z operatorem Serwisu reklamodawc\u00f3w oraz partner\u00f3w.<\/p>\n<p>9. Zalecamy przeczytanie polityki ochrony prywatno\u015bci tych firm, aby pozna\u0107 zasady korzystania z plik\u00f3w cookie wykorzystywane w statystykach: <span lang=\"EN-US\"><a href=\"http:\/\/www.google.pl\/intl\/pl\/analytics\/privacyoverview.html\"><span lang=\"PL\">Polityka ochrony prywatno\u015bci Google Analytics<\/span><\/a><\/span><\/p>\n<p>10. Pliki cookie mog\u0105 by\u0107 wykorzystane przez sieci reklamowe, w szczeg\u00f3lno\u015bci sie\u0107 Google, do wy\u015bwietlenia reklam dopasowanych do sposobu, w jaki u\u017cytkownik korzysta z Serwisu. W tym celu mog\u0105 zachowa\u0107 informacj\u0119 o \u015bcie\u017cce nawigacji u\u017cytkownika lub czasie pozostawania na danej stronie.<\/p>\n<p>11. W zakresie informacji o preferencjach u\u017cytkownika gromadzonych przez sie\u0107 reklamow\u0105 Google u\u017cytkownik mo\u017ce przegl\u0105da\u0107 i edytowa\u0107 informacje wynikaj\u0105ce z plik\u00f3w cookies przy pomocy narz\u0119dzia: <span lang=\"EN-US\"><a href=\"https:\/\/www.google.com\/ads\/preferences\/\"><span lang=\"PL\">https:\/\/www.google.com\/ads\/preferences\/<\/span><\/a><\/span><\/p>\n<h4>3. Udost\u0119pnienie danych<\/h4>\n<p>1. Dane podlegaj\u0105 udost\u0119pnieniu podmiotom zewn\u0119trznym wy\u0142\u0105cznie w granicach prawnie dozwolonych.<\/p>\n<p>2. Dane umo\u017cliwiaj\u0105ce identyfikacj\u0119 osoby fizycznej s\u0105 udost\u0119pniane wy\u0142\u0105czenie za zgod\u0105 tej osoby.<\/p>\n<p>3. Operator mo\u017ce mie\u0107 obowi\u0105zek udzielania informacji zebranych przez Serwis upowa\u017cnionym organom na podstawie zgodnych z prawem \u017c\u0105da\u0144 w zakresie wynikaj\u0105cym z \u017c\u0105dania.<\/p>\n<h4>4. Zarz\u0105dzanie plikami cookies \u2013 jak w praktyce wyra\u017ca\u0107 i cofa\u0107 zgod\u0119?<\/h4>\n<p>1. Je\u015bli u\u017cytkownik nie chce otrzymywa\u0107 plik\u00f3w cookies, mo\u017ce zmieni\u0107 ustawienia przegl\u0105darki. Zastrzegamy, \u017ce wy\u0142\u0105czenie obs\u0142ugi plik\u00f3w cookies niezb\u0119dnych dla proces\u00f3w uwierzytelniania, bezpiecze\u0144stwa, utrzymania preferencji u\u017cytkownika mo\u017ce utrudni\u0107, a w skrajnych przypadkach mo\u017ce uniemo\u017cliwi\u0107 korzystanie ze stron www<\/p>\n<p>2. Zapoznaj si\u0119 ze sposobami zmiany preferencji dotycz\u0105cych plik\u00f3w cookie w menu &#8222;Pomoc&#8221; w swojej przegl\u0105darce, w celu zarz\u0105dzania ustawieniami cookies.<\/p>\n<\/div>\n<\/section>\n","protected":false},"excerpt":{"rendered":"<p>Polityka prywatno\u015bci dla www.kaminski.org.pl 1. Informacje og\u00f3lne 1. Operatorem Serwisu https:\/\/www.kaminski.org.pl\/ jest \u201cKami\u0144ski\u201d Sp\u00f3\u0142ka z ograniczon\u0105 odpowiedzialno\u015bci\u0105 Sp.K., ul. Henryka Wieniawskiego 18, 41 \u2013 506 [&hellip;]<\/p>\n","protected":false},"author":1,"featured_media":0,"parent":0,"menu_order":0,"comment_status":"closed","ping_status":"closed","template":"","meta":{"footnotes":""},"yoast_head":"<!-- This site is optimized with the Yoast SEO plugin v22.7 - https:\/\/yoast.com\/wordpress\/plugins\/seo\/ -->\n<title>Polityka prywatno\u015bci - Budownictwo Kami\u0144ski - Generalny wykonawca<\/title>\n<meta name=\"robots\" content=\"index, follow, max-snippet:-1, max-image-preview:large, max-video-preview:-1\" \/>\n<link rel=\"canonical\" href=\"https:\/\/www.kaminski.org.pl\/budownictwo\/polityka-prywatnosci\/\" \/>\n<meta property=\"og:locale\" content=\"pl_PL\" \/>\n<meta property=\"og:type\" content=\"article\" \/>\n<meta property=\"og:title\" content=\"Polityka prywatno\u015bci - Budownictwo Kami\u0144ski - Generalny wykonawca\" \/>\n<meta property=\"og:description\" content=\"Polityka prywatno\u015bci dla www.kaminski.org.pl 1. Informacje og\u00f3lne 1. Operatorem Serwisu https:\/\/www.kaminski.org.pl\/ jest \u201cKami\u0144ski\u201d Sp\u00f3\u0142ka z ograniczon\u0105 odpowiedzialno\u015bci\u0105 Sp.K., ul. Henryka Wieniawskiego 18, 41 \u2013 506 [&hellip;]\" \/>\n<meta property=\"og:url\" content=\"https:\/\/www.kaminski.org.pl\/budownictwo\/polityka-prywatnosci\/\" \/>\n<meta property=\"og:site_name\" content=\"Budownictwo Kami\u0144ski - Generalny wykonawca\" \/>\n<meta property=\"article:publisher\" content=\"https:\/\/www.facebook.com\/budownictwokaminski\/\" \/>\n<meta property=\"article:modified_time\" content=\"2017-11-08T11:53:38+00:00\" \/>\n<meta name=\"twitter:card\" content=\"summary_large_image\" \/>\n<meta name=\"twitter:label1\" content=\"Szacowany czas czytania\" \/>\n\t<meta name=\"twitter:data1\" content=\"3 minuty\" \/>\n<script type=\"application\/ld+json\" class=\"yoast-schema-graph\">{\"@context\":\"https:\/\/schema.org\",\"@graph\":[{\"@type\":\"WebPage\",\"@id\":\"https:\/\/www.kaminski.org.pl\/budownictwo\/polityka-prywatnosci\/\",\"url\":\"https:\/\/www.kaminski.org.pl\/budownictwo\/polityka-prywatnosci\/\",\"name\":\"Polityka prywatno\u015bci - Budownictwo Kami\u0144ski - Generalny wykonawca\",\"isPartOf\":{\"@id\":\"https:\/\/www.kaminski.org.pl\/budownictwo\/#website\"},\"datePublished\":\"2017-11-08T11:34:28+00:00\",\"dateModified\":\"2017-11-08T11:53:38+00:00\",\"breadcrumb\":{\"@id\":\"https:\/\/www.kaminski.org.pl\/budownictwo\/polityka-prywatnosci\/#breadcrumb\"},\"inLanguage\":\"pl-PL\",\"potentialAction\":[{\"@type\":\"ReadAction\",\"target\":[\"https:\/\/www.kaminski.org.pl\/budownictwo\/polityka-prywatnosci\/\"]}]},{\"@type\":\"BreadcrumbList\",\"@id\":\"https:\/\/www.kaminski.org.pl\/budownictwo\/polityka-prywatnosci\/#breadcrumb\",\"itemListElement\":[{\"@type\":\"ListItem\",\"position\":1,\"name\":\"Strona g\u0142\u00f3wna\",\"item\":\"https:\/\/www.kaminski.org.pl\/budownictwo\/\"},{\"@type\":\"ListItem\",\"position\":2,\"name\":\"Polityka prywatno\u015bci\"}]},{\"@type\":\"WebSite\",\"@id\":\"https:\/\/www.kaminski.org.pl\/budownictwo\/#website\",\"url\":\"https:\/\/www.kaminski.org.pl\/budownictwo\/\",\"name\":\"Budownictwo Kami\u0144ski - Generalny wykonawca\",\"description\":\"Budownictwo Kami\u0144ski - Generalny wykonawca. Kompleksowa realizacja inwestycji budowlanych. Generalne wykonawstwo obiekt\u00f3w przemys\u0142owych, handlowych i salon\u00f3w\",\"publisher\":{\"@id\":\"https:\/\/www.kaminski.org.pl\/budownictwo\/#organization\"},\"potentialAction\":[{\"@type\":\"SearchAction\",\"target\":{\"@type\":\"EntryPoint\",\"urlTemplate\":\"https:\/\/www.kaminski.org.pl\/budownictwo\/?s={search_term_string}\"},\"query-input\":\"required name=search_term_string\"}],\"inLanguage\":\"pl-PL\"},{\"@type\":\"Organization\",\"@id\":\"https:\/\/www.kaminski.org.pl\/budownictwo\/#organization\",\"name\":\"Budownictwo \u201cKami\u0144ski\u201d Sp\u00f3\u0142ka z ograniczon\u0105 odpowiedzialno\u015bci\u0105 Sp.K.\",\"url\":\"https:\/\/www.kaminski.org.pl\/budownictwo\/\",\"logo\":{\"@type\":\"ImageObject\",\"inLanguage\":\"pl-PL\",\"@id\":\"https:\/\/www.kaminski.org.pl\/budownictwo\/#\/schema\/logo\/image\/\",\"url\":\"https:\/\/www.kaminski.org.pl\/budownictwo\/wp-content\/uploads\/sites\/2\/2020\/02\/Kaminski-budownictwo-logo.png\",\"contentUrl\":\"https:\/\/www.kaminski.org.pl\/budownictwo\/wp-content\/uploads\/sites\/2\/2020\/02\/Kaminski-budownictwo-logo.png\",\"width\":371,\"height\":88,\"caption\":\"Budownictwo \u201cKami\u0144ski\u201d Sp\u00f3\u0142ka z ograniczon\u0105 odpowiedzialno\u015bci\u0105 Sp.K.\"},\"image\":{\"@id\":\"https:\/\/www.kaminski.org.pl\/budownictwo\/#\/schema\/logo\/image\/\"},\"sameAs\":[\"https:\/\/www.facebook.com\/budownictwokaminski\/\",\"https:\/\/www.youtube.com\/channel\/UCvp34krLOj1JYi0DDO5EfDA\/featured\"]}]}<\/script>\n<!-- \/ Yoast SEO plugin. -->","yoast_head_json":{"title":"Polityka prywatno\u015bci - Budownictwo Kami\u0144ski - Generalny wykonawca","robots":{"index":"index","follow":"follow","max-snippet":"max-snippet:-1","max-image-preview":"max-image-preview:large","max-video-preview":"max-video-preview:-1"},"canonical":"https:\/\/www.kaminski.org.pl\/budownictwo\/polityka-prywatnosci\/","og_locale":"pl_PL","og_type":"article","og_title":"Polityka prywatno\u015bci - Budownictwo Kami\u0144ski - Generalny wykonawca","og_description":"Polityka prywatno\u015bci dla www.kaminski.org.pl 1. Informacje og\u00f3lne 1. Operatorem Serwisu https:\/\/www.kaminski.org.pl\/ jest \u201cKami\u0144ski\u201d Sp\u00f3\u0142ka z ograniczon\u0105 odpowiedzialno\u015bci\u0105 Sp.K., ul. Henryka Wieniawskiego 18, 41 \u2013 506 [&hellip;]","og_url":"https:\/\/www.kaminski.org.pl\/budownictwo\/polityka-prywatnosci\/","og_site_name":"Budownictwo Kami\u0144ski - Generalny wykonawca","article_publisher":"https:\/\/www.facebook.com\/budownictwokaminski\/","article_modified_time":"2017-11-08T11:53:38+00:00","twitter_card":"summary_large_image","twitter_misc":{"Szacowany czas czytania":"3 minuty"},"schema":{"@context":"https:\/\/schema.org","@graph":[{"@type":"WebPage","@id":"https:\/\/www.kaminski.org.pl\/budownictwo\/polityka-prywatnosci\/","url":"https:\/\/www.kaminski.org.pl\/budownictwo\/polityka-prywatnosci\/","name":"Polityka prywatno\u015bci - Budownictwo Kami\u0144ski - Generalny wykonawca","isPartOf":{"@id":"https:\/\/www.kaminski.org.pl\/budownictwo\/#website"},"datePublished":"2017-11-08T11:34:28+00:00","dateModified":"2017-11-08T11:53:38+00:00","breadcrumb":{"@id":"https:\/\/www.kaminski.org.pl\/budownictwo\/polityka-prywatnosci\/#breadcrumb"},"inLanguage":"pl-PL","potentialAction":[{"@type":"ReadAction","target":["https:\/\/www.kaminski.org.pl\/budownictwo\/polityka-prywatnosci\/"]}]},{"@type":"BreadcrumbList","@id":"https:\/\/www.kaminski.org.pl\/budownictwo\/polityka-prywatnosci\/#breadcrumb","itemListElement":[{"@type":"ListItem","position":1,"name":"Strona g\u0142\u00f3wna","item":"https:\/\/www.kaminski.org.pl\/budownictwo\/"},{"@type":"ListItem","position":2,"name":"Polityka prywatno\u015bci"}]},{"@type":"WebSite","@id":"https:\/\/www.kaminski.org.pl\/budownictwo\/#website","url":"https:\/\/www.kaminski.org.pl\/budownictwo\/","name":"Budownictwo Kami\u0144ski - Generalny wykonawca","description":"Budownictwo Kami\u0144ski - Generalny wykonawca. Kompleksowa realizacja inwestycji budowlanych. Generalne wykonawstwo obiekt\u00f3w przemys\u0142owych, handlowych i salon\u00f3w","publisher":{"@id":"https:\/\/www.kaminski.org.pl\/budownictwo\/#organization"},"potentialAction":[{"@type":"SearchAction","target":{"@type":"EntryPoint","urlTemplate":"https:\/\/www.kaminski.org.pl\/budownictwo\/?s={search_term_string}"},"query-input":"required name=search_term_string"}],"inLanguage":"pl-PL"},{"@type":"Organization","@id":"https:\/\/www.kaminski.org.pl\/budownictwo\/#organization","name":"Budownictwo \u201cKami\u0144ski\u201d Sp\u00f3\u0142ka z ograniczon\u0105 odpowiedzialno\u015bci\u0105 Sp.K.","url":"https:\/\/www.kaminski.org.pl\/budownictwo\/","logo":{"@type":"ImageObject","inLanguage":"pl-PL","@id":"https:\/\/www.kaminski.org.pl\/budownictwo\/#\/schema\/logo\/image\/","url":"https:\/\/www.kaminski.org.pl\/budownictwo\/wp-content\/uploads\/sites\/2\/2020\/02\/Kaminski-budownictwo-logo.png","contentUrl":"https:\/\/www.kaminski.org.pl\/budownictwo\/wp-content\/uploads\/sites\/2\/2020\/02\/Kaminski-budownictwo-logo.png","width":371,"height":88,"caption":"Budownictwo \u201cKami\u0144ski\u201d Sp\u00f3\u0142ka z ograniczon\u0105 odpowiedzialno\u015bci\u0105 Sp.K."},"image":{"@id":"https:\/\/www.kaminski.org.pl\/budownictwo\/#\/schema\/logo\/image\/"},"sameAs":["https:\/\/www.facebook.com\/budownictwokaminski\/","https:\/\/www.youtube.com\/channel\/UCvp34krLOj1JYi0DDO5EfDA\/featured"]}]}},"_links":{"self":[{"href":"https:\/\/www.kaminski.org.pl\/budownictwo\/wp-json\/wp\/v2\/pages\/528"}],"collection":[{"href":"https:\/\/www.kaminski.org.pl\/budownictwo\/wp-json\/wp\/v2\/pages"}],"about":[{"href":"https:\/\/www.kaminski.org.pl\/budownictwo\/wp-json\/wp\/v2\/types\/page"}],"author":[{"embeddable":true,"href":"https:\/\/www.kaminski.org.pl\/budownictwo\/wp-json\/wp\/v2\/users\/1"}],"replies":[{"embeddable":true,"href":"https:\/\/www.kaminski.org.pl\/budownictwo\/wp-json\/wp\/v2\/comments?post=528"}],"version-history":[{"count":14,"href":"https:\/\/www.kaminski.org.pl\/budownictwo\/wp-json\/wp\/v2\/pages\/528\/revisions"}],"predecessor-version":[{"id":543,"href":"https:\/\/www.kaminski.org.pl\/budownictwo\/wp-json\/wp\/v2\/pages\/528\/revisions\/543"}],"wp:attachment":[{"href":"https:\/\/www.kaminski.org.pl\/budownictwo\/wp-json\/wp\/v2\/media?parent=528"}],"curies":[{"name":"wp","href":"https:\/\/api.w.org\/{rel}","templated":true}]}}